{"id":3796,"date":"2025-07-30T10:52:01","date_gmt":"2025-07-30T08:52:01","guid":{"rendered":"https:\/\/zerobits.de\/?page_id=3796"},"modified":"2025-07-30T10:52:01","modified_gmt":"2025-07-30T08:52:01","slug":"impressum","status":"publish","type":"page","link":"https:\/\/zerobits.de\/de\/impressum\/","title":{"rendered":"Impressum"},"content":{"rendered":"<div data-elementor-type=\"wp-page\" data-elementor-id=\"3796\" class=\"elementor elementor-3796\">\n\t\t\t\t<div class=\"elementor-element elementor-element-2e32531 e-flex e-con-boxed wpr-particle-no wpr-jarallax-no wpr-parallax-no wpr-sticky-section-no e-con e-parent\" data-id=\"2e32531\" data-element_type=\"container\">\n\t\t\t\t\t<div class=\"e-con-inner\">\n\t\t\t\t<div class=\"elementor-element elementor-element-5188af8 elementor-widget elementor-widget-text-editor\" data-id=\"5188af8\" data-element_type=\"widget\" data-widget_type=\"text-editor.default\">\n\t\t\t\t\t\t\t\t\t<h1>Impressum<\/h1><p>zerobits.de<br \/>Oliver Kirst<br \/>Schlo\u00dfstra\u00dfe 37<br \/>56078 Koblenz<\/p><h2>Kontakt<\/h2><p>Telefon: +49 261 88868514<br \/>E-Mail: info@zerobits.de<\/p><h2>Umsatzsteuer-ID<\/h2><p>Umsatzsteuer-Identifikationsnummer gem\u00e4\u00df \u00a7 27 a Umsatzsteuergesetz:<br \/>DE 365766794<\/p><h2>Verbraucher\u00adstreit\u00adbeilegung\/Universal\u00adschlichtungs\u00adstelle<\/h2><p>Wir sind nicht bereit oder verpflichtet, an Streitbeilegungsverfahren vor einer Verbraucherschlichtungsstelle teilzunehmen.<\/p><h2>Zentrale Kontaktstelle nach dem Digital Services Act \u2013 DSA (Verordnung (EU) 2022\/265)<\/h2><p>Unsere zentrale Kontaktstelle f\u00fcr Nutzer und Beh\u00f6rden nach Art. 11, 12 DSA erreichen Sie wie folgt:<\/p><p>E-Mail: info@zerobits.de<br \/>Telefon: +49 261 88868514<\/p><p>Die f\u00fcr den Kontakt zur Verf\u00fcgung stehenden Sprachen sind: Deutsch, Englisch, Deutsch, Englisch.<\/p>\t\t\t\t\t\t\t\t<\/div>\n\t\t\t\t\t<\/div>\n\t\t\t\t<\/div>\n\t\t\t\t<\/div>","protected":false},"excerpt":{"rendered":"<p>Impressum zerobits.deOliver KirstSchlo\u00dfstra\u00dfe 3756078 Koblenz Kontakt Telefon: +49 261 88868514E-Mail: info@zerobits.de Umsatzsteuer-ID Umsatzsteuer-Identifikationsnummer gem\u00e4\u00df \u00a7 27 a Umsatzsteuergesetz:DE 365766794 Verbraucher\u00adstreit\u00adbeilegung\/Universal\u00adschlichtungs\u00adstelle Wir sind nicht bereit oder verpflichtet, an Streitbeilegungsverfahren vor einer Verbraucherschlichtungsstelle teilzunehmen. Zentrale Kontaktstelle nach dem Digital Services Act \u2013 DSA (Verordnung (EU) 2022\/265) Unsere zentrale Kontaktstelle f\u00fcr Nutzer und Beh\u00f6rden nach Art. 11, 12 DSA erreichen Sie wie folgt: E-Mail: info@zerobits.deTelefon: +49 261 88868514 Die f\u00fcr den Kontakt zur Verf\u00fcgung stehenden Sprachen sind: Deutsch, Englisch, Deutsch, Englisch.<\/p>","protected":false},"author":1,"featured_media":0,"parent":0,"menu_order":0,"comment_status":"closed","ping_status":"closed","template":"","meta":{"_acf_changed":false,"inline_featured_image":false,"footnotes":""},"class_list":["post-3796","page","type-page","status-publish","hentry"],"acf":[],"yoast_head":"<!-- This site is optimized with the Yoast SEO plugin v25.4 - https:\/\/yoast.com\/wordpress\/plugins\/seo\/ -->\n<title>Impressum - Zerobits<\/title>\n<meta name=\"robots\" content=\"index, follow, max-snippet:-1, max-image-preview:large, max-video-preview:-1\" \/>\n<link rel=\"canonical\" href=\"https:\/\/zerobits.de\/de\/impressum\/\" \/>\n<meta property=\"og:locale\" content=\"de_DE\" \/>\n<meta property=\"og:type\" content=\"article\" \/>\n<meta property=\"og:title\" content=\"Impressum - Zerobits\" \/>\n<meta property=\"og:description\" content=\"Impressum zerobits.deOliver KirstSchlo\u00dfstra\u00dfe 3756078 Koblenz Kontakt Telefon: +49 261 88868514E-Mail: info@zerobits.de Umsatzsteuer-ID Umsatzsteuer-Identifikationsnummer gem\u00e4\u00df \u00a7 27 a Umsatzsteuergesetz:DE 365766794 Verbraucher\u00adstreit\u00adbeilegung\/Universal\u00adschlichtungs\u00adstelle Wir sind nicht bereit oder verpflichtet, an Streitbeilegungsverfahren vor einer Verbraucherschlichtungsstelle teilzunehmen. Zentrale Kontaktstelle nach dem Digital Services Act \u2013 DSA (Verordnung (EU) 2022\/265) Unsere zentrale Kontaktstelle f\u00fcr Nutzer und Beh\u00f6rden nach Art. 11, 12 DSA erreichen Sie wie folgt: E-Mail: info@zerobits.deTelefon: +49 261 88868514 Die f\u00fcr den Kontakt zur Verf\u00fcgung stehenden Sprachen sind: Deutsch, Englisch, Deutsch, Englisch.\" \/>\n<meta property=\"og:url\" content=\"https:\/\/zerobits.de\/de\/impressum\/\" \/>\n<meta property=\"og:site_name\" content=\"Zerobits\" \/>\n<meta property=\"og:image\" content=\"https:\/\/zerobits.de\/wp-content\/uploads\/2025\/07\/logo-neu-boxed.png\" \/>\n\t<meta property=\"og:image:width\" content=\"400\" \/>\n\t<meta property=\"og:image:height\" content=\"400\" \/>\n\t<meta property=\"og:image:type\" content=\"image\/png\" \/>\n<meta name=\"twitter:card\" content=\"summary_large_image\" \/>\n<meta name=\"twitter:label1\" content=\"Gesch\u00e4tzte Lesezeit\" \/>\n\t<meta name=\"twitter:data1\" content=\"1\u00a0Minute\" \/>\n<script type=\"application\/ld+json\" class=\"yoast-schema-graph\">{\"@context\":\"https:\/\/schema.org\",\"@graph\":[{\"@type\":\"WebPage\",\"@id\":\"https:\/\/zerobits.de\/impressum\/\",\"url\":\"https:\/\/zerobits.de\/impressum\/\",\"name\":\"Impressum - Zerobits\",\"isPartOf\":{\"@id\":\"https:\/\/zerobits.de\/#website\"},\"datePublished\":\"2025-07-30T08:52:01+00:00\",\"breadcrumb\":{\"@id\":\"https:\/\/zerobits.de\/impressum\/#breadcrumb\"},\"inLanguage\":\"de\",\"potentialAction\":[{\"@type\":\"ReadAction\",\"target\":[\"https:\/\/zerobits.de\/impressum\/\"]}]},{\"@type\":\"BreadcrumbList\",\"@id\":\"https:\/\/zerobits.de\/impressum\/#breadcrumb\",\"itemListElement\":[{\"@type\":\"ListItem\",\"position\":1,\"name\":\"Home\",\"item\":\"https:\/\/zerobits.de\/\"},{\"@type\":\"ListItem\",\"position\":2,\"name\":\"Impressum\"}]},{\"@type\":\"WebSite\",\"@id\":\"https:\/\/zerobits.de\/#website\",\"url\":\"https:\/\/zerobits.de\/\",\"name\":\"Zerobits.de\",\"description\":\"Intelligente Software. Bereit f\u00fcr die Zukunft. KI-gest\u00fctzt.\",\"publisher\":{\"@id\":\"https:\/\/zerobits.de\/#organization\"},\"alternateName\":\"Zerobits.de\",\"potentialAction\":[{\"@type\":\"SearchAction\",\"target\":{\"@type\":\"EntryPoint\",\"urlTemplate\":\"https:\/\/zerobits.de\/?s={search_term_string}\"},\"query-input\":{\"@type\":\"PropertyValueSpecification\",\"valueRequired\":true,\"valueName\":\"search_term_string\"}}],\"inLanguage\":\"de\"},{\"@type\":\"Organization\",\"@id\":\"https:\/\/zerobits.de\/#organization\",\"name\":\"Zerobits\",\"url\":\"https:\/\/zerobits.de\/\",\"logo\":{\"@type\":\"ImageObject\",\"inLanguage\":\"de\",\"@id\":\"https:\/\/zerobits.de\/#\/schema\/logo\/image\/\",\"url\":\"https:\/\/zerobits.de\/wp-content\/uploads\/2025\/07\/logo-neu-boxed.png\",\"contentUrl\":\"https:\/\/zerobits.de\/wp-content\/uploads\/2025\/07\/logo-neu-boxed.png\",\"width\":400,\"height\":400,\"caption\":\"Zerobits\"},\"image\":{\"@id\":\"https:\/\/zerobits.de\/#\/schema\/logo\/image\/\"},\"sameAs\":[\"https:\/\/www.linkedin.com\/company\/zerobits\/\",\"https:\/\/github.com\/olliiiver\",\"https:\/\/api.whatsapp.com\/send\/?phone=4926188868514&text&type=phone_number&app_absent=0\"]}]}<\/script>\n<!-- \/ Yoast SEO plugin. -->","yoast_head_json":{"title":"Impressum - Zerobits","robots":{"index":"index","follow":"follow","max-snippet":"max-snippet:-1","max-image-preview":"max-image-preview:large","max-video-preview":"max-video-preview:-1"},"canonical":"https:\/\/zerobits.de\/de\/impressum\/","og_locale":"de_DE","og_type":"article","og_title":"Impressum - Zerobits","og_description":"Impressum zerobits.deOliver KirstSchlo\u00dfstra\u00dfe 3756078 Koblenz Kontakt Telefon: +49 261 88868514E-Mail: info@zerobits.de Umsatzsteuer-ID Umsatzsteuer-Identifikationsnummer gem\u00e4\u00df \u00a7 27 a Umsatzsteuergesetz:DE 365766794 Verbraucher\u00adstreit\u00adbeilegung\/Universal\u00adschlichtungs\u00adstelle Wir sind nicht bereit oder verpflichtet, an Streitbeilegungsverfahren vor einer Verbraucherschlichtungsstelle teilzunehmen. Zentrale Kontaktstelle nach dem Digital Services Act \u2013 DSA (Verordnung (EU) 2022\/265) Unsere zentrale Kontaktstelle f\u00fcr Nutzer und Beh\u00f6rden nach Art. 11, 12 DSA erreichen Sie wie folgt: E-Mail: info@zerobits.deTelefon: +49 261 88868514 Die f\u00fcr den Kontakt zur Verf\u00fcgung stehenden Sprachen sind: Deutsch, Englisch, Deutsch, Englisch.","og_url":"https:\/\/zerobits.de\/de\/impressum\/","og_site_name":"Zerobits","og_image":[{"width":400,"height":400,"url":"https:\/\/zerobits.de\/wp-content\/uploads\/2025\/07\/logo-neu-boxed.png","type":"image\/png"}],"twitter_card":"summary_large_image","twitter_misc":{"Gesch\u00e4tzte Lesezeit":"1\u00a0Minute"},"schema":{"@context":"https:\/\/schema.org","@graph":[{"@type":"WebPage","@id":"https:\/\/zerobits.de\/impressum\/","url":"https:\/\/zerobits.de\/impressum\/","name":"Impressum - Zerobits","isPartOf":{"@id":"https:\/\/zerobits.de\/#website"},"datePublished":"2025-07-30T08:52:01+00:00","breadcrumb":{"@id":"https:\/\/zerobits.de\/impressum\/#breadcrumb"},"inLanguage":"de","potentialAction":[{"@type":"ReadAction","target":["https:\/\/zerobits.de\/impressum\/"]}]},{"@type":"BreadcrumbList","@id":"https:\/\/zerobits.de\/impressum\/#breadcrumb","itemListElement":[{"@type":"ListItem","position":1,"name":"Home","item":"https:\/\/zerobits.de\/"},{"@type":"ListItem","position":2,"name":"Impressum"}]},{"@type":"WebSite","@id":"https:\/\/zerobits.de\/#website","url":"https:\/\/zerobits.de\/","name":"Zerobits.de","description":"Intelligente Software. Bereit f\u00fcr die Zukunft. KI-gest\u00fctzt.","publisher":{"@id":"https:\/\/zerobits.de\/#organization"},"alternateName":"Zerobits.de","potentialAction":[{"@type":"SearchAction","target":{"@type":"EntryPoint","urlTemplate":"https:\/\/zerobits.de\/?s={search_term_string}"},"query-input":{"@type":"PropertyValueSpecification","valueRequired":true,"valueName":"search_term_string"}}],"inLanguage":"de"},{"@type":"Organization","@id":"https:\/\/zerobits.de\/#organization","name":"Zerobits","url":"https:\/\/zerobits.de\/","logo":{"@type":"ImageObject","inLanguage":"de","@id":"https:\/\/zerobits.de\/#\/schema\/logo\/image\/","url":"https:\/\/zerobits.de\/wp-content\/uploads\/2025\/07\/logo-neu-boxed.png","contentUrl":"https:\/\/zerobits.de\/wp-content\/uploads\/2025\/07\/logo-neu-boxed.png","width":400,"height":400,"caption":"Zerobits"},"image":{"@id":"https:\/\/zerobits.de\/#\/schema\/logo\/image\/"},"sameAs":["https:\/\/www.linkedin.com\/company\/zerobits\/","https:\/\/github.com\/olliiiver","https:\/\/api.whatsapp.com\/send\/?phone=4926188868514&text&type=phone_number&app_absent=0"]}]}},"_links":{"self":[{"href":"https:\/\/zerobits.de\/de\/wp-json\/wp\/v2\/pages\/3796","targetHints":{"allow":["GET"]}}],"collection":[{"href":"https:\/\/zerobits.de\/de\/wp-json\/wp\/v2\/pages"}],"about":[{"href":"https:\/\/zerobits.de\/de\/wp-json\/wp\/v2\/types\/page"}],"author":[{"embeddable":true,"href":"https:\/\/zerobits.de\/de\/wp-json\/wp\/v2\/users\/1"}],"replies":[{"embeddable":true,"href":"https:\/\/zerobits.de\/de\/wp-json\/wp\/v2\/comments?post=3796"}],"version-history":[{"count":1,"href":"https:\/\/zerobits.de\/de\/wp-json\/wp\/v2\/pages\/3796\/revisions"}],"predecessor-version":[{"id":3797,"href":"https:\/\/zerobits.de\/de\/wp-json\/wp\/v2\/pages\/3796\/revisions\/3797"}],"wp:attachment":[{"href":"https:\/\/zerobits.de\/de\/wp-json\/wp\/v2\/media?parent=3796"}],"curies":[{"name":"wp","href":"https:\/\/api.w.org\/{rel}","templated":true}]}}